{"id":3,"date":"2022-02-02T20:04:09","date_gmt":"2022-02-03T01:04:09","guid":{"rendered":"https:\/\/beewo.digital\/registro\/?page_id=3"},"modified":"2022-02-16T15:11:16","modified_gmt":"2022-02-16T20:11:16","slug":"politica-privacidad","status":"publish","type":"page","link":"https:\/\/beewo.digital\/registro\/politica-privacidad\/","title":{"rendered":"Pol\u00edtica de privacidad"},"content":{"rendered":"\t\t<div data-elementor-type=\"wp-page\" data-elementor-id=\"3\" class=\"elementor elementor-3\" data-elementor-post-type=\"page\">\n\t\t\t\t\t\t<section class=\"elementor-section elementor-top-section elementor-element elementor-element-4b217619 elementor-section-boxed elementor-section-height-default elementor-section-height-default\" data-id=\"4b217619\" data-element_type=\"section\" data-settings=\"{&quot;jet_parallax_layout_list&quot;:[]}\">\n\t\t\t\t\t\t<div class=\"elementor-container elementor-column-gap-default\">\n\t\t\t\t\t<div class=\"elementor-column elementor-col-100 elementor-top-column elementor-element elementor-element-60050204\" data-id=\"60050204\" data-element_type=\"column\">\n\t\t\t<div class=\"elementor-widget-wrap elementor-element-populated\">\n\t\t\t\t\t\t<div class=\"elementor-element elementor-element-56bf8437 elementor-widget elementor-widget-text-editor\" data-id=\"56bf8437\" data-element_type=\"widget\" data-widget_type=\"text-editor.default\">\n\t\t\t\t<div class=\"elementor-widget-container\">\n\t\t\t\t\t\t\t\t\t\n<h2 class=\"wp-block-heading\" id=\"i-responsable-del-tratamiento-de-datos-personales\">I. Responsable del tratamiento de datos personales<\/h2>\n\n\n\n<p>Dnuba sas. (en lo sucesivo \u201cGesti\u00f3nSalud-Gesti\u00f3nMejora\u201d) con domicilio en\u00a0<strong>Medell\u00edn Antioquia- Colombia Crr 77c #48-98 Barrio el estadio<\/strong>, con correo electr\u00f3nico <strong>hola@beewo.digital<\/strong>\u00a0y tel\u00e9fono<strong>\u00a0+57 (81) 581 87 40<\/strong>\u00a0es responsable del tratamiento de sus datos personales recabados de manera personal, telef\u00f3nica, correo electr\u00f3nico y\/o a trav\u00e9s del sitio web\u00a0<strong>beewo<a href=\"https:\/\/beewo.digital\/registro\/\">.<\/a>digital <\/strong>(en lo sucesivo el \u201cSitio Web\u201d).<\/p>\n\n\n\n<h2 class=\"wp-block-heading\" id=\"ii-datos-personales-que-seran-tratados\">II. Datos personales que ser\u00e1n tratados<\/h2>\n\n\n\n<p>Dnuba podr\u00e1 recabar los siguientes datos personales:<\/p>\n\n\n\n<ul class=\"wp-block-list\"><li>Datos de Identificaci\u00f3n<ol><li>Nombre y apellidos<\/li><li>Nombre de usuario<\/li><li>Correo electr\u00f3nico<\/li><li>Contrase\u00f1a<\/li><\/ol><\/li><li>Datos sobre la empresa<ol><li>Denominaci\u00f3n\/Raz\u00f3n Social<\/li><li>Rama productiva a la que pertenece<\/li><li>N\u00famero de Empleados<\/li><li>Correo electr\u00f3nico para habilitar usuario administrador<\/li><li>Tel\u00e9fonos<\/li><li>Representante legal<\/li><\/ol><\/li><li>Datos Fiscales<ol><li>R\u00e9gimen Fiscal<\/li><li>Rama productiva a la que pertenece<\/li><li>Registro de Contribuyentes (dependiendo el pa\u00eds)<\/li><li>Nombre o Denominaci\u00f3n\/Raz\u00f3n Social<\/li><li>Tel\u00e9fonos<\/li><li>Representante legal<\/li><\/ol><\/li><li>Fecha, cantidad, y forma de pago utilizada para pagar los servicios.<\/li><li>Medio a trav\u00e9s del cual tuvo conocimiento de Dnuba.<\/li><li>Datos que el Cliente y\/o los Usuarios habilitados ingresen o generen a trav\u00e9s de los Servicios.<\/li><li>Datos recabados a trav\u00e9s de cookies<ol><li>Direcci\u00f3n IP<\/li><li>Identificaci\u00f3n para el acceso a la cuenta del usuario, preferencias y personalizaci\u00f3n de la cuenta del usuario.<\/li><li>Para realizar las m\u00e9tricas del Sitio Web obtenemos de manera despersonalizada lo siguiente: Tipo de dispositivo utilizado para acceder al Sitio Web. Tipo de navegador. Sistema operativo. Momento de acceso al Sitio Web. Tiempo de navegaci\u00f3n en el Sitio Web. P\u00e1ginas web visitadas, m\u00f3dulos utilizados, informaci\u00f3n consultada. Lugar de Acceso. P\u00e1gina o b\u00fasqueda de referencia de acceso.&nbsp;<\/li><\/ol><\/li><\/ul>\n\n\n\n<h2 class=\"wp-block-heading\" id=\"iii-finalidades-del-tratamiento-de-datos-personales\">III. Finalidades del tratamiento de datos personales<\/h2>\n\n\n\n<p>Los datos personales especificados en la secci\u00f3n anterior ser\u00e1n utilizados, para las siguientes finalidades:<\/p>\n\n\n\n<ul class=\"wp-block-list\"><li>Finalidades que son necesarias para la existencia, mantenimiento y cumplimiento de la relaci\u00f3n entre usted y dnuba:<br>1. Para prestarle los servicios disponibles a trav\u00e9s del Sitio Web y los servicios de soporte t\u00e9cnico de manera telef\u00f3nica (en lo sucesivo los \u201cServicios\u201d)<br>2. Para identificaci\u00f3n, operaci\u00f3n y administraci\u00f3n.<br>3. Para procesar y responder quejas y sugerencias.<br>4. Para enviarle informaci\u00f3n acerca de los Servicios, y recordatorios de pago.<br>5. Para mantener un registro de pagos y facturar los Servicios.<br>6. Evaluar la calidad de los Servicios y la atenci\u00f3n del personal.<br>7. Realizar mejoras a la experiencia y desempe\u00f1o de los Servicios.<br>8. Informarle sobre cambios sobre los Servicios, Sitio Web, Contrato de Prestaci\u00f3n de Servicios del software suministrado por dnuba, T\u00e9rminos y Condiciones de Uso, y Aviso de Privacidad.<\/li><li>Finalidades secundarias:<ol><li>Para enviarle informaci\u00f3n publicitaria, promocional de dnuba y de terceros.<\/li><li>Para fines de mercadotecnia, publicidad y prospecci\u00f3n comercial.<\/li><\/ol><\/li><\/ul>\n\n\n\n<p>En caso de que en cualquier momento usted desee que los datos personales recabados no sean utilizados para cualquiera de las finalidad secundarias descritas en la presente secci\u00f3n, deber\u00e1 enviar un correo electr\u00f3nico con su solicitud a&nbsp;servicioalcliente@dnuba.com&nbsp;la o las finalidades para las cuales no desea que sus datos personales sean tratados.<\/p>\n\n\n\n<h2 class=\"wp-block-heading\" id=\"iv-transferencia-de-datos-personales\">IV. Transferencia de datos personales<\/h2>\n\n\n\n<p>Los datos para la generaci\u00f3n, validaci\u00f3n, y certificaci\u00f3n que ingrese en el Sitio Web ser\u00e1n transferidos con la finalidad de que \u00e9ste le proporcione dichos Servicios, y ser\u00e1n tratados por \u00e9ste de conformidad con su aviso de privacidad. Al marcar la casilla \u00abAcepto el Contrato de Prestaci\u00f3n de Servicios y el Aviso de Privacidad\u201d usted consiente expresamente la transferencia de datos personales establecida anteriormente.<\/p>\n\n\n\n<p>Dnuba podr\u00e1 transferir sus datos identificativos, de contacto y de facturaci\u00f3n a sociedades controladoras, subsidiarias o afiliadas o a una sociedad matriz o a cualquier sociedad del mismo grupo de dnuba que opere bajo los mismos procesos y pol\u00edticas internas. Por otro lado, sus datos personales ser\u00e1n transferidos cuando la transferencia sea necesaria o legalmente exigida para la salvaguarda de un inter\u00e9s p\u00fablico, o para la procuraci\u00f3n o administraci\u00f3n de justicia; cuando la transferencia sea precisa para el reconocimiento, ejercicio o defensa de un derecho en un proceso judicial, y cuando la transferencia sea precisa para el mantenimiento, o cumplimiento de una relaci\u00f3n jur\u00eddica entre el responsable y el titular. Las anteriores transferencias no requieren de su consentimiento toda vez que se encuentran previstas en la Ley de Protecci\u00f3n de Datos Personales en Posesi\u00f3n de los Particulares.<\/p>\n\n\n\n<p>Los datos de registro (Nombre, Apellidos, Direcci\u00f3n de correo electr\u00f3nico, etc.) proporcionados a trav\u00e9s de la plataforma Mailchimp para el registro, descarga de recursos e invitaciones a webinar. Estos datos ser\u00e1n tratados de conformidad con el respectivo aviso de privacidad.<\/p>\n\n\n\n<h2 class=\"wp-block-heading\" id=\"v-medios-para-ejercer-los-derechos-de-acceso-rectificacion-cancelacion-u-oposicion\">V. Medios para ejercer los derechos de acceso, rectificaci\u00f3n, cancelaci\u00f3n u oposici\u00f3n<\/h2>\n\n\n\n<p>De conformidad con la Ley de Datos Personales en Posesi\u00f3n de Particulares y sujeto a las excepciones previstas en el mismo usted cuenta con los derecho de acceso, rectificaci\u00f3n, cancelaci\u00f3n u oposici\u00f3n con relaci\u00f3n a los datos personales recabados por dnuba en relaci\u00f3n al software Gesti\u00f3n Mejora y Gesti\u00f3n Salud.<\/p>\n\n\n\n<p>Para ejercer los derechos de acceso, rectificaci\u00f3n, cancelaci\u00f3n y oposici\u00f3n anteriormente usted o su representante deber\u00e1n presentar solicitud por escrito enviada al domicilio o correo electr\u00f3nico de dnuba, igual como se especifica en el punto del presente Aviso de Privacidad con la informaci\u00f3n y documentaci\u00f3n siguiente:<\/p>\n\n\n\n<ol class=\"wp-block-list\"><li>Su nombre y domicilio, correo electr\u00f3nico u otro medio para comunicarle la respuesta a su solicitud.<\/li><li>Los documentos que acrediten su identidad, es decir, copia simple en formato impreso o electr\u00f3nico de cualquier identificaci\u00f3n oficial, o, en su caso, la representaci\u00f3n de su representante, es decir, copia simple en formato impreso o electr\u00f3nico de carta poder simple con su firma aut\u00f3grafa, la de dos testigos, el mandatario y las correspondientes copias simples en formato impreso o electr\u00f3nico de las identificaciones oficiales de dichas personas.<\/li><li>La descripci\u00f3n clara y precisa de los datos personales respecto de los que busca ejercer alguno de los derechos anteriormente se\u00f1alados.<\/li><li>Cualquier otro elemento o documento que facilite la localizaci\u00f3n de sus datos personales.<\/li><li>En el caso de las solicitudes de rectificaci\u00f3n de datos personales, deber\u00e1 tambi\u00e9n indicar las modificaciones a realizarse y aportar la documentaci\u00f3n que sustente su petici\u00f3n.<\/li><\/ol>\n\n\n\n<p>Salvo que usted expresamente se\u00f1ale que desea recibir respuesta por un medio diverso, Dnuba responder\u00e1 a su solicitud a trav\u00e9s del correo electr\u00f3nico proporcionado en sus solicitud en un plazo m\u00e1ximo de veinte d\u00edas, contados desde la fecha en que se recibi\u00f3 la solicitud de acceso, rectificaci\u00f3n, cancelaci\u00f3n u oposici\u00f3n, su determinaci\u00f3n adoptada, a efecto de que, si resulta procedente, se haga efectiva la misma dentro de los quince d\u00edas siguientes a la fecha en que se le comunique la respuesta. Trat\u00e1ndose de solicitudes de acceso a datos personales, Dnuba proceder\u00e1 con su entrega previa acreditaci\u00f3n de su identidad del solicitante o de su representante legal, seg\u00fan corresponda.<\/p>\n\n\n\n<h2 class=\"wp-block-heading\" id=\"vi-mecanismos-y-procedimientos-para-que-en-su-caso-revoque-su-consentimiento-en-cualquier-momento\">VI. Mecanismos y procedimientos para que, en su caso, revoque su consentimiento en cualquier momento.<\/h2>\n\n\n\n<p>Usted podr\u00e1 en cualquier momento revocar el consentimiento que ha otorgado para el tratamiento de los datos personales recabados de acuerdo con el presente Aviso de Privacidad. Para ello, es necesario que siga el siguiente procedimiento:<\/p>\n\n\n\n<p>Presentar una solicitud por escrito debidamente firmada, dirigida a dnuba, en el domicilio que aparece en el primer punto del presente Aviso de Privacidad o mediante correo electr\u00f3nico a la direcci\u00f3n&nbsp;servcioalcliente@dnuba.com&nbsp;a efecto de iniciar el procedimiento respectivo. Deber\u00e1 se\u00f1alar con precisi\u00f3n si desea revocar su consentimiento para todas las autorizaciones que el presente Aviso de Privacidad prev\u00e9 o s\u00f3lo para alguna o algunas de ellas. De igual forma, deber\u00e1 proporcionar los datos que permitan su identificaci\u00f3n como usuario. Dnuba dar\u00e1 respuesta a su solicitud de revocaci\u00f3n en un plazo de 30 d\u00edas naturales contados a partir del d\u00eda en que se reciba su solicitud.<\/p>\n\n\n\n<p>En caso de que usted revoque su consentimiento, dnuba no podr\u00e1 prestarle los Servicios por lo que se considerar\u00e1 que dicha solicitud implica la cancelaci\u00f3n voluntaria de los Servicios de conformidad con el Contrato de Prestaci\u00f3n de Servicios.<\/p>\n\n\n\n<h2 class=\"wp-block-heading\" id=\"vii-medios-para-limitar-el-uso-o-divulgacion-de-sus-datos-personales\">VII. Medios para limitar el uso o divulgaci\u00f3n de sus datos personales<\/h2>\n\n\n\n<p>En caso de que no desee recibir correos electr\u00f3nicos informativos o publicitarios usted deber\u00e1 enviar un correo electr\u00f3nico a la direcci\u00f3n\u00a0<strong>hola@beewo.digital\u00a0<\/strong>o, en su caso, seguir el procedimiento que se establezca en dichos correos.<\/p>\n\n\n\n<p>El cliente a trav\u00e9s de la cuenta del usuario administrador podr\u00e1 limitar y controlar los permisos internos de los dem\u00e1s usuarios habilitados, respecto de la informaci\u00f3n que estos pueden generar y\/o visibilizar a trav\u00e9s de los Servicios.<\/p>\n\n\n\n<h2 class=\"wp-block-heading\" id=\"viii-procedimiento-y-medio-por-el-cual-se-le-comunicaran-los-cambios-al-aviso-de-privacidad\">VIII. Procedimiento y medio por el cual se le comunicar\u00e1n los cambios al Aviso de Privacidad<\/h2>\n\n\n\n<p>Dnuba se reserva el derecho de efectuar en cualquier momento modificaciones al presente Aviso de Privacidad (en adelante el \u201c Aviso de Privacidad Modificado\u201d). Estas modificaciones se pondr\u00e1n a su disposici\u00f3n mediante correo electr\u00f3nico, o a trav\u00e9s del Sitio Web.<\/p>\n\n\n\n<h2 class=\"wp-block-heading\" id=\"ix-medidas-de-seguridad-implementadas\">IX. Medidas de seguridad implementadas<\/h2>\n\n\n\n<p>Para la protecci\u00f3n de sus datos personales dnuba ha establecido medidas de car\u00e1cter administrativo, f\u00edsico y t\u00e9cnico con el objeto de evitar da\u00f1o, p\u00e9rdida, alteraci\u00f3n, destrucci\u00f3n o el uso, acceso o tratamiento no autorizado de los datos personales recabados.<\/p>\n\n\n\n<h2 class=\"wp-block-heading\" id=\"x-limitacion-de-responsabilidad\">X. Limitaci\u00f3n de responsabilidad<\/h2>\n\n\n\n<p>A trav\u00e9s de los Servicios usted podr\u00e1 ingresar y generar informaci\u00f3n que puede ser visibilizada, administrada y\/o gestionada por los dem\u00e1s usuarios de sus empresa, por lo que dnuba no es responsable por el uso que otros usuarios de su empresa realicen.<\/p>\n\n\n\n<h2 class=\"wp-block-heading\" id=\"xi-legislacion-aplicable\">XI. Legislaci\u00f3n aplicable<\/h2>\n\n\n\n<p>El presente Aviso de Privacidad se regir\u00e1 e interpretar\u00e1 de acuerdo con las leyes aplicables al territorio Colombiano.<\/p>\n\t\t\t\t\t\t\t\t<\/div>\n\t\t\t\t<\/div>\n\t\t\t\t\t<\/div>\n\t\t<\/div>\n\t\t\t\t\t<\/div>\n\t\t<\/section>\n\t\t\t\t<\/div>\n\t\t","protected":false},"excerpt":{"rendered":"<p>I. Responsable del tratamiento de datos personales Dnuba sas. (en lo sucesivo \u201cGesti\u00f3nSalud-Gesti\u00f3nMejora\u201d) con domicilio en\u00a0Medell\u00edn Antioquia- Colombia Crr 77c #48-98 Barrio el estadio, con correo electr\u00f3nico hola@beewo.digital\u00a0y tel\u00e9fono\u00a0+57 (81) 581 87 40\u00a0es responsable del tratamiento de sus datos personales recabados de manera personal, telef\u00f3nica, correo electr\u00f3nico y\/o a trav\u00e9s del sitio web\u00a0beewo.digital (en lo [&hellip;]<\/p>\n","protected":false},"author":1,"featured_media":0,"parent":0,"menu_order":0,"comment_status":"closed","ping_status":"open","template":"elementor_header_footer","meta":{"_joinchat":{"telephone":"+573195552397"},"footnotes":""},"class_list":["post-3","page","type-page","status-publish","hentry"],"_links":{"self":[{"href":"https:\/\/beewo.digital\/registro\/wp-json\/wp\/v2\/pages\/3","targetHints":{"allow":["GET"]}}],"collection":[{"href":"https:\/\/beewo.digital\/registro\/wp-json\/wp\/v2\/pages"}],"about":[{"href":"https:\/\/beewo.digital\/registro\/wp-json\/wp\/v2\/types\/page"}],"author":[{"embeddable":true,"href":"https:\/\/beewo.digital\/registro\/wp-json\/wp\/v2\/users\/1"}],"replies":[{"embeddable":true,"href":"https:\/\/beewo.digital\/registro\/wp-json\/wp\/v2\/comments?post=3"}],"version-history":[{"count":0,"href":"https:\/\/beewo.digital\/registro\/wp-json\/wp\/v2\/pages\/3\/revisions"}],"wp:attachment":[{"href":"https:\/\/beewo.digital\/registro\/wp-json\/wp\/v2\/media?parent=3"}],"curies":[{"name":"wp","href":"https:\/\/api.w.org\/{rel}","templated":true}]}}